{"id":6266,"date":"2018-11-27T10:32:01","date_gmt":"2018-11-27T10:32:01","guid":{"rendered":"http:\/\/www.isonlab.info\/solaDobrdob\/?page_id=86"},"modified":"2025-01-09T11:10:24","modified_gmt":"2025-01-09T11:10:24","slug":"kdo-smo","status":"publish","type":"page","link":"https:\/\/vsdoberdob.edu.it\/sl\/kdo-smo\/","title":{"rendered":"Kdo Smo"},"content":{"rendered":"<p style=\"text-align: justify;\"><span style=\"font-size: 14pt;\">Slovenska \u0161ola v Italiji obstaja, da omogo\u010da pripadnikom slovenske manj\u0161ine \u0161olanje v materinem jeziku. Jezik je osnova vsake kulture, zato se bogastvo nekega prostora izra\u017ea v njegovih jezikovnih in kulturnih zna\u010dilnosth.<\/span><\/p>\n<p style=\"text-align: justify;\"><span style=\"font-size: 14pt;\">Slovenska \u0161ola razvija narodno zavest, posreduje kulturno dedi\u0161\u010dino ter ohranja kulturne obi\u010daje in navade slovenskega ljudstva.<\/span><\/p>\n<p style=\"text-align: justify;\"><span style=\"font-size: 14pt;\">Slovenski u\u010ditelj se zaveda, da je materin\u0161\u010dina pomembna pri vseh predmetih, zato sku\u0161a tudi poiskati primerne na\u010dine pou\u010devanja, da bo u\u010denec poleg pridobivanja temeljnega znanja tudi vzljubil in bogatil slovenski jezik.<\/span><\/p>\n<p style=\"text-align: justify;\"><span style=\"font-size: 14pt;\">Na\u0161o \u0161olo obiskujejo otroci iz slovenskih, me\u0161anih in italijansko govore\u010dih dru\u017ein, saj \u017eivimo na narodnostno, jezikovno in kulturno me\u0161anem okolju. Slovenska \u0161ola je dr\u017eavna ustanova s slovenskim u\u010dnim jezikom, kjer se pou\u010duje tudi italijanski jezik in goji kultura ve\u010dinskega naroda. Poleg tega se u\u010denci u\u010dijo tudi tuj jezik, angle\u0161\u010dino.<\/span><\/p>\n<p style=\"text-align: justify;\"><span style=\"font-size: 14pt;\">Slovenska \u0161ola posreduje torej ve\u010djezi\u010dno vzgojo, ki u\u010dencem pomaga premo\u0161\u010dati predsodke, vrednotiti razlike ter razvijati so\u017eitje in medsebojno strpnost.<\/span><\/p>\n<p><a href=\"https:\/\/unica.istruzione.gov.it\/cercalatuascuola\/istituti\/GOIC81100L\/I.C.DOBERDO'%20IN%20LINGUA%20SLOVENA\">SCUOLA IN CHIARO<\/a><img decoding=\"async\" src=\"https:\/\/cercalatuascuola.istruzione.it\/cercalatuascuola\/istituti\/GOIC81100L\/icdoberdo-in-lingua-slovena\/\" alt=\"\" width=\"500\" \/><\/p>\n","protected":false},"excerpt":{"rendered":"<p>Slovenska \u0161ola v Italiji obstaja, da omogo\u010da pripadnikom slovenske manj\u0161ine \u0161olanje v materinem jeziku. Jezik je osnova vsake kulture, zato se bogastvo nekega prostora izra\u017ea v njegovih jezikovnih in kulturnih zna\u010dilnosth. Slovenska \u0161ola razvija narodno zavest, [&hellip;]<\/p>\n","protected":false},"author":5,"featured_media":0,"parent":0,"menu_order":0,"comment_status":"closed","ping_status":"closed","template":"","meta":{"footnotes":""},"tags":[],"class_list":["post-6266","page","type-page","status-publish","hentry"],"_links":{"self":[{"href":"https:\/\/vsdoberdob.edu.it\/sl\/wp-json\/wp\/v2\/pages\/6266","targetHints":{"allow":["GET"]}}],"collection":[{"href":"https:\/\/vsdoberdob.edu.it\/sl\/wp-json\/wp\/v2\/pages"}],"about":[{"href":"https:\/\/vsdoberdob.edu.it\/sl\/wp-json\/wp\/v2\/types\/page"}],"author":[{"embeddable":true,"href":"https:\/\/vsdoberdob.edu.it\/sl\/wp-json\/wp\/v2\/users\/5"}],"replies":[{"embeddable":true,"href":"https:\/\/vsdoberdob.edu.it\/sl\/wp-json\/wp\/v2\/comments?post=6266"}],"version-history":[{"count":3,"href":"https:\/\/vsdoberdob.edu.it\/sl\/wp-json\/wp\/v2\/pages\/6266\/revisions"}],"predecessor-version":[{"id":9187,"href":"https:\/\/vsdoberdob.edu.it\/sl\/wp-json\/wp\/v2\/pages\/6266\/revisions\/9187"}],"wp:attachment":[{"href":"https:\/\/vsdoberdob.edu.it\/sl\/wp-json\/wp\/v2\/media?parent=6266"}],"wp:term":[{"taxonomy":"post_tag","embeddable":true,"href":"https:\/\/vsdoberdob.edu.it\/sl\/wp-json\/wp\/v2\/tags?post=6266"}],"curies":[{"name":"wp","href":"https:\/\/api.w.org\/{rel}","templated":true}]}}