{"id":534,"date":"2018-12-04T10:00:00","date_gmt":"2018-12-04T09:00:00","guid":{"rendered":"https:\/\/www.vsdoberdob.it\/?page_id=534"},"modified":"2018-12-04T10:00:00","modified_gmt":"2018-12-04T09:00:00","slug":"volitve-v-zavodni-svet-2024","status":"publish","type":"page","link":"https:\/\/vsdoberdob.edu.it\/sl\/volitve-v-zavodni-svet-2024\/","title":{"rendered":"Volitve v zavodni svet 2021\/2024"},"content":{"rendered":"<h1><\/h1>\n<ul>\n<li><span style=\"font-size: 14pt;\"><a href=\"https:\/\/www.vsdoberdob.it\/wp-content\/uploads\/2021\/11\/Lista-I-starsi_genitori_volitve-Zavodni-svet_Elezioni-Consiglio-Ist.pdf\" target=\"_blank\" rel=\"noopener\">Lista I &#8211; Star\u0161i volitve zavodni svet<\/a><\/span><\/li>\n<li><span style=\"font-size: 14pt;\"><a href=\"https:\/\/www.vsdoberdob.it\/wp-content\/uploads\/2021\/11\/Lista-II-ucno-osebje_docenti_volitve-Zavodni-svet_Elezioni-Consiglio-Ist.pdf\" target=\"_blank\" rel=\"noopener\">Lista II &#8211; U\u010dno osebje volitve zavodni svet<\/a><\/span><\/li>\n<li><span style=\"font-size: 14pt;\"><a href=\"https:\/\/www.vsdoberdob.it\/wp-content\/uploads\/2021\/11\/Lista-III-neucno_ata_volitve-Zavodni-svet_Elezioni-Consiglio-Ist.pdf\" target=\"_blank\" rel=\"noopener\">Lista III &#8211; Neu\u010dno ata zavodni svet<\/a><\/span><\/li>\n<li><span style=\"font-size: 14pt;\"><a href=\"https:\/\/www.vsdoberdob.it\/wp-content\/uploads\/2021\/11\/obvestilo-starsem-volitve-zavodni-svet_comunicazione-genitori-elezioni-Consiglio-Ist_2021_24.pdf\" target=\"_blank\" rel=\"noopener\">Obvestilo star\u0161em volitve zavodni svet 2021\/24<\/a><\/span><\/li>\n<li><span style=\"font-size: 14pt;\"><a href=\"https:\/\/www.vsdoberdob.it\/wp-content\/uploads\/2021\/11\/obvestilo-ucnemu-neucnemu-osebju-za-volitve-v-zavodni-svet-2021_24.pdf\" target=\"_blank\" rel=\"noopener\">Obvestilo u\u010dnemu neu\u010dnemu osebju za volitve v zavodni svet 2021\/24<\/a><\/span><\/li>\n<\/ul>\n","protected":false},"excerpt":{"rendered":"<p>Lista I &#8211; Star\u0161i volitve zavodni svet Lista II &#8211; U\u010dno osebje volitve zavodni svet Lista III &#8211; Neu\u010dno ata zavodni svet Obvestilo star\u0161em volitve zavodni svet 2021\/24 Obvestilo u\u010dnemu neu\u010dnemu osebju za volitve v zavodni [&hellip;]<\/p>\n","protected":false},"author":5,"featured_media":0,"parent":0,"menu_order":0,"comment_status":"closed","ping_status":"closed","template":"fullpage.php","meta":{"footnotes":""},"tags":[],"class_list":["post-534","page","type-page","status-publish","hentry"],"_links":{"self":[{"href":"https:\/\/vsdoberdob.edu.it\/sl\/wp-json\/wp\/v2\/pages\/534","targetHints":{"allow":["GET"]}}],"collection":[{"href":"https:\/\/vsdoberdob.edu.it\/sl\/wp-json\/wp\/v2\/pages"}],"about":[{"href":"https:\/\/vsdoberdob.edu.it\/sl\/wp-json\/wp\/v2\/types\/page"}],"author":[{"embeddable":true,"href":"https:\/\/vsdoberdob.edu.it\/sl\/wp-json\/wp\/v2\/users\/5"}],"replies":[{"embeddable":true,"href":"https:\/\/vsdoberdob.edu.it\/sl\/wp-json\/wp\/v2\/comments?post=534"}],"version-history":[{"count":0,"href":"https:\/\/vsdoberdob.edu.it\/sl\/wp-json\/wp\/v2\/pages\/534\/revisions"}],"wp:attachment":[{"href":"https:\/\/vsdoberdob.edu.it\/sl\/wp-json\/wp\/v2\/media?parent=534"}],"wp:term":[{"taxonomy":"post_tag","embeddable":true,"href":"https:\/\/vsdoberdob.edu.it\/sl\/wp-json\/wp\/v2\/tags?post=534"}],"curies":[{"name":"wp","href":"https:\/\/api.w.org\/{rel}","templated":true}]}}