{"id":499,"date":"2018-11-30T16:59:55","date_gmt":"2018-11-30T15:59:55","guid":{"rendered":"https:\/\/www.vsdoberdob.it\/?page_id=499"},"modified":"2018-11-30T16:59:55","modified_gmt":"2018-11-30T15:59:55","slug":"pon-fondi-strutturali-europei-2014-2020","status":"publish","type":"page","link":"https:\/\/vsdoberdob.edu.it\/sl\/pon-fondi-strutturali-europei-2014-2020\/","title":{"rendered":"PON Fondi strutturali europei 2014-2020"},"content":{"rendered":"<p><em>l PON (Programma Operativo Nazionale )\u00a0 \u00e8 la definizione particolareggiata dei Fondi Strutturali Europei, principale strumento finanziario della politica regionale UE per rafforzare la coesione economica , sociale e territoriale al fine di ridurre il divario fra le regioni pi\u00f9 avanzate e quelle in ritardo di sviluppo. Nel caso specifico \u00e8 lo strumento per dare alle scuole italiane la possibilit\u00e0 di accedere alle risorse comunitarie, aggiuntive rispetto a quelle rese disponibili dal Governo nazionale, al fine di migliorare il sistema nel suo complesso. Le risorse previste da questi fondi vengono <a href=\"http:\/\/hubmiur.pubblica.istruzione.it\/web\/istruzione\/pon\/news2016\">distribuite secondo un arco temporale di sette anni<\/a><\/em><\/p>\n<p><a href=\"http:\/\/hubmiur.pubblica.istruzione.it\/web\/istruzione\/pon\/news2016\">MINISTERO DELL&#8217;ISTRUZIONE, DELL&#8217;UNIVERSITA&#8217; E DELLA RICERCA: PON FONDI STRUTTURALI EUROPEI<\/a><\/p>\n<p>&nbsp;<\/p>\n<p>2021-2022<\/p>\n<p><strong><span style=\"font-size: 14pt;\"><a href=\"https:\/\/www.vsdoberdob.it\/2022\/03\/21\/reti-locali-cablate-e-wireless-nelle-scuole\/\">Reti cablate e wireless nelle scuole<\/a><\/span><\/strong><\/p>\n<p><strong><span style=\"font-size: 14pt;\"><a href=\"https:\/\/www.vsdoberdob.it\/2022\/03\/21\/pon-digital-board-trasformazione-digitale-nella-didattica-e-nellorganizzazione\/\">Digital Board: trasformazione digitale nella didattica e nell&#8217;organizzazione<\/a><\/span><\/strong><\/p>\n<p>&nbsp;<\/p>\n<p>Pred 2020<\/p>\n<h3><a href=\"https:\/\/vsdoberdob.it\/lan-wlan\/\">Progetto LAN-WAN\u00a0<\/a><\/h3>\n<h3><a href=\"https:\/\/vsdoberdob.it\/ambienti-digitali\/\">Ambienti digitali<\/a><\/h3>\n<h3><a href=\"https:\/\/vsdoberdob.it\/competenze-di-base\/\">Competenze di base<\/a><\/h3>\n<h3><a href=\"https:\/\/vsdoberdob.it\/potenziamento-educazione-patrimonio\/\">Potenziamento educazione patrimoni<\/a><\/h3>\n<h3><a href=\"https:\/\/www.vsdoberdob.it\/pensiero-computazionale-e-creativita-digitale-2\/\">Pensiero computazionale e creativit\u00e0 digitale<\/a><\/h3>\n<h3><a href=\"https:\/\/www.vsdoberdob.it\/it\/smart-class\/\">Smart class<\/a><\/h3>\n","protected":false},"excerpt":{"rendered":"<p>l PON (Programma Operativo Nazionale )\u00a0 \u00e8 la definizione particolareggiata dei Fondi Strutturali Europei, principale strumento finanziario della politica regionale UE per rafforzare la coesione economica , sociale e territoriale al fine di ridurre il divario [&hellip;]<\/p>\n","protected":false},"author":5,"featured_media":0,"parent":0,"menu_order":0,"comment_status":"closed","ping_status":"closed","template":"fullpage.php","meta":{"footnotes":""},"tags":[],"class_list":["post-499","page","type-page","status-publish","hentry"],"_links":{"self":[{"href":"https:\/\/vsdoberdob.edu.it\/sl\/wp-json\/wp\/v2\/pages\/499","targetHints":{"allow":["GET"]}}],"collection":[{"href":"https:\/\/vsdoberdob.edu.it\/sl\/wp-json\/wp\/v2\/pages"}],"about":[{"href":"https:\/\/vsdoberdob.edu.it\/sl\/wp-json\/wp\/v2\/types\/page"}],"author":[{"embeddable":true,"href":"https:\/\/vsdoberdob.edu.it\/sl\/wp-json\/wp\/v2\/users\/5"}],"replies":[{"embeddable":true,"href":"https:\/\/vsdoberdob.edu.it\/sl\/wp-json\/wp\/v2\/comments?post=499"}],"version-history":[{"count":0,"href":"https:\/\/vsdoberdob.edu.it\/sl\/wp-json\/wp\/v2\/pages\/499\/revisions"}],"wp:attachment":[{"href":"https:\/\/vsdoberdob.edu.it\/sl\/wp-json\/wp\/v2\/media?parent=499"}],"wp:term":[{"taxonomy":"post_tag","embeddable":true,"href":"https:\/\/vsdoberdob.edu.it\/sl\/wp-json\/wp\/v2\/tags?post=499"}],"curies":[{"name":"wp","href":"https:\/\/api.w.org\/{rel}","templated":true}]}}