{"id":436,"date":"2018-11-30T12:17:01","date_gmt":"2018-11-30T11:17:01","guid":{"rendered":"https:\/\/www.vsdoberdob.it\/?page_id=436"},"modified":"2018-11-30T12:17:01","modified_gmt":"2018-11-30T11:17:01","slug":"otroski-vrtec-barcica-romjan-in-ronke","status":"publish","type":"page","link":"https:\/\/vsdoberdob.edu.it\/sl\/otroski-vrtec-barcica-romjan-in-ronke\/","title":{"rendered":"Otro\u0161ki vrtec BAR\u010cICA &#8211; Romjan in Ronke"},"content":{"rendered":"<p><strong><a href=\"https:\/\/www.vsdoberdob.it\/wp-content\/uploads\/2018\/11\/ovromjan.gif\"><img decoding=\"async\" class=\"alignleft size-full wp-image-1083\" src=\"https:\/\/www.vsdoberdob.it\/wp-content\/uploads\/2018\/11\/ovromjan.gif\" alt=\"ovromjan\" width=\"200\" height=\"151\" \/><\/a>Otro\u0161ki vrtec BAR\u010cICA &#8211; GOAA81104L<br \/>\n<\/strong><\/p>\n<p>34077 Romjan, via Capitello, 8<\/p>\n<p>tel.: 0481 &#8211; 777524<\/p>\n<p>&nbsp;<\/p>\n<p>&nbsp;<\/p>\n<p><strong>Otro<\/strong><strong>\u0161ki vrtec BAR\u010cICA &#8211; enota v Ronkah &#8211; GOAA81104L<br \/>\n<\/strong><\/p>\n<div>\n<div class=\"ca\">\n<p><span style=\"font-family: sans-serif;\"><span style=\"font-size: small;\">via Campi, 2-4<\/span><\/span><\/p>\n<p><span style=\"font-family: sans-serif;\"><span style=\"font-size: small;\">tel.: 0481-776343<\/span><\/span><\/p>\n<\/div>\n<\/div>\n<p>&nbsp;<\/p>\n<p><strong>URNIK<\/strong><\/p>\n<p>ponedeljek &#8211; petek<\/p>\n<p>7.45 &#8211; 15.45<\/p>\n<p>&nbsp;<\/p>\n","protected":false},"excerpt":{"rendered":"<p>Otro\u0161ki vrtec BAR\u010cICA &#8211; GOAA81104L 34077 Romjan, via Capitello, 8 tel.: 0481 &#8211; 777524 &nbsp; &nbsp; Otro\u0161ki vrtec BAR\u010cICA &#8211; enota v Ronkah &#8211; GOAA81104L via Campi, 2-4 tel.: 0481-776343 &nbsp; URNIK ponedeljek &#8211; petek 7.45 [&hellip;]<\/p>\n","protected":false},"author":5,"featured_media":0,"parent":0,"menu_order":0,"comment_status":"closed","ping_status":"closed","template":"fullpage.php","meta":{"footnotes":""},"tags":[],"class_list":["post-436","page","type-page","status-publish","hentry"],"_links":{"self":[{"href":"https:\/\/vsdoberdob.edu.it\/sl\/wp-json\/wp\/v2\/pages\/436","targetHints":{"allow":["GET"]}}],"collection":[{"href":"https:\/\/vsdoberdob.edu.it\/sl\/wp-json\/wp\/v2\/pages"}],"about":[{"href":"https:\/\/vsdoberdob.edu.it\/sl\/wp-json\/wp\/v2\/types\/page"}],"author":[{"embeddable":true,"href":"https:\/\/vsdoberdob.edu.it\/sl\/wp-json\/wp\/v2\/users\/5"}],"replies":[{"embeddable":true,"href":"https:\/\/vsdoberdob.edu.it\/sl\/wp-json\/wp\/v2\/comments?post=436"}],"version-history":[{"count":0,"href":"https:\/\/vsdoberdob.edu.it\/sl\/wp-json\/wp\/v2\/pages\/436\/revisions"}],"wp:attachment":[{"href":"https:\/\/vsdoberdob.edu.it\/sl\/wp-json\/wp\/v2\/media?parent=436"}],"wp:term":[{"taxonomy":"post_tag","embeddable":true,"href":"https:\/\/vsdoberdob.edu.it\/sl\/wp-json\/wp\/v2\/tags?post=436"}],"curies":[{"name":"wp","href":"https:\/\/api.w.org\/{rel}","templated":true}]}}