{"id":404,"date":"2018-11-30T11:35:46","date_gmt":"2018-11-30T10:35:46","guid":{"rendered":"https:\/\/www.vsdoberdob.it\/?page_id=404"},"modified":"2023-05-16T10:48:53","modified_gmt":"2023-05-16T10:48:53","slug":"ucno-osebje","status":"publish","type":"page","link":"https:\/\/vsdoberdob.edu.it\/sl\/ucno-osebje\/","title":{"rendered":"U\u010dno osebje"},"content":{"rendered":"<p><span style=\"font-size: 14pt;\"><a href=\"https:\/\/vsdoberdob.it\/wp-content\/uploads\/2014\/01\/FASCICOLO_INFORMATIVO_15_31_13-job_4992.pdf\">DODATNO ZAVAROVANJE<\/a><\/span><\/p>\n<p>&nbsp;<\/p>\n<p><span style=\"font-size: 14pt;\">ZAVOD REPUBLIKE SLOVENIJE ZA \u0160OLSTVO<\/span><\/p>\n<p><span style=\"font-size: 14pt;\"><a href=\"http:\/\/www.zrss.si\/default.asp?rub=22\">http:\/\/www.zrss.si\/default.asp?rub=22<\/a><\/span><\/p>\n<p><span style=\"font-size: 14pt;\">Posnetek za uporabo interaktivne table:<\/span><\/p>\n<p><span style=\"font-size: 14pt;\"><a href=\"http:\/\/www1.prometheanplanet.com\/it\/server.php?show=nav.19790\">http:\/\/www1.prometheanplanet.com\/it\/server.php?show=nav.19790<\/a><\/span><\/p>\n<p><span style=\"font-size: 14pt;\">Slovensko izobra\u017eevalno omre\u017eje<\/span><\/p>\n<p><span style=\"font-size: 14pt;\"><a href=\"http:\/\/izobrazevanje.sio.si\/\">http:\/\/izobrazevanje.sio.si\/<\/a><\/span><\/p>\n<p><span style=\"font-size: 14pt;\">Erickson nudi ne\u0161teto te\u010dajev in seminarjev za u\u010ditelje, tudi v obliki spletnega u\u010denja<\/span><\/p>\n<p><span style=\"font-size: 14pt;\"><a href=\"http:\/\/formazione.erickson.it\/\">http:\/\/formazione.erickson.it\/<\/a><\/span><\/p>\n<p>&nbsp;<\/p>\n<p>&nbsp;<\/p>\n<p>&nbsp;<\/p>\n<p><span style=\"font-size: 14pt;\">Codice di comportamento dei dipendenti pubblici e codice disciplinare<\/span><\/p>\n<p><span style=\"font-size: 14pt;\">Il comportamento dei dipendenti della scuola \u00e8 regolato da una serie di norme che stabiliscono il quadro complessivo degli obblighi del personale, gli illeciti disciplinari, le relative sanzioni e le procedure di irrogazione.<\/span><\/p>\n<p><span style=\"font-size: 14pt;\">Con\u00a0<b>decreto ministeriale 30 giugno 2014, n. 525<\/b>\u00a0\u00e8 stato approvato il\u00a0<b>Codice di Comportamento dei dipendenti\u00a0<\/b>del MIUR che, in ottemperanza a quanto previsto dall\u2019art. 54 del D.Lgs. n. 165\/2001, come sostituito dall\u2019art. 1, comma 44, L. 190\/2012 recante \u201cDisposizioni per la prevenzione e la repressione della corruzione e dell\u2019illegalit\u00e0 nella pubblica Amministrazione\u201d, integra e specifica il Codice di Comportamento dei dipendenti pubblici di cui al DPR n. 62\/2013.<\/span><br \/>\n<span style=\"font-size: 14pt;\">Le norme contenute nel Codice si applicano a tutto il personale dipendente ed in servizio presso il MIUR.<\/span><br \/>\n<span style=\"font-size: 14pt;\">La violazione degli obblighi previsti dal Codice integra comportamenti contrari ai doveri d\u2019ufficio ed \u00e8 fonte di responsabilit\u00e0 disciplinare nonch\u00e9, nei casi previsti, di responsabilit\u00e0 penale, civile, amministrativa o contabile.<\/span><\/p>\n<p><span style=\"font-size: 14pt;\">In attuazione di quanto disposto dall\u2019art. 68 del D.Lgs. n. 150 del 27\/10\/2009, recante \u201cAttuazione della legge 4 marzo 2009, n. 15, in materia di ottimizzazione della produttivit\u00e0 del lavoro pubblico e di efficienza e trasparenza delle pubbliche amministrazioni\u201c, il\u00a0<b>codice disciplinare dei dipendenti pubblici,<\/b>\u00a0come meglio individuato dagli artt. 55 e seguenti del D.Lgs. n. 165\/01, come integrato con modifiche dal gi\u00e0 citato D.lgs. n. 150\/09, reca l\u2019indicazione delle<b>\u00a0\u201csanzioni disciplinari e responsabilit\u00e0 dei dipendenti pubblici\u201d<\/b>. Come indicato dal testo dell\u2019art. 55 del D.Lgs. n. 165\/2001, le nuove disposizioni costituiscono norme imperative, ai sensi degli artt. 1339 e 1441 del codice civile, pertanto, integrano e modificano le fattispecie disciplinari previste dai C.C.N.L. \u201cComparto Scuola\u201d siglato il 27.11.2009, comportando l\u2019inapplicabilit\u00e0 di quelle incompatibili con quanto disposto dalle modifiche introdotte al D.Lgs. 165\/2001, cos\u00ec come modificato dai Decreti legislativi n\u00b0150 del 2009, n\u00b0116 del 2016 e 75 del 2017.<\/span><\/p>\n<p><span style=\"font-size: 14pt;\">Si pubblicano in quest\u2019area del sito web di istituto il codice di comportamento e il codice disciplinare, costituiti dai seguenti documenti normativi di riferimento:<\/span><\/p>\n<p><span style=\"font-size: 14pt;\"><b>Codice di comportamento dei dipendenti pubblici,\u00a0<\/b>che<b>\u00a0<\/b>stabilisce i comportamenti ai quali tutti i dipendenti delle pubbliche amministrazioni,\u00a0 quindi anche il personale scolastico, devono uniformarsi \u2013 Decreto Ministeriale 30 giugno 2014, Prot. n. 525<\/span><\/p>\n<p><span style=\"font-size: 14pt;\"><b>Codice disciplinare<\/b>, recante l\u2019indicazione di infrazioni, sanzioni disciplinari e sospensione cautelare:<\/span><\/p>\n<p><span style=\"font-size: 14pt;\">1.Per il personale A.T.A. \u2013 dall\u2019art. 92 all\u2019art. 97 del C.C.N.L. del 29.11.2007;<\/span><\/p>\n<p><span style=\"font-size: 14pt;\">2. Per il personale Docente \u2013 dall\u2019art. 492 all\u2019art. 501 del Dlgs. 16.4.1994, n. 297;<\/span><\/p>\n<p><span style=\"font-size: 14pt;\">3. Per entrambe le categorie di personale: sanzioni disciplinari e responsabilit\u00e0 dei dipendenti pubblici \u2013 dall\u2019art. 67 all\u2019art. 73 del Dlgs n. 150\/2009.<\/span><\/p>\n<p>&nbsp;<\/p>\n<p><span style=\"font-size: 14pt;\"><b>C.M. n.-88 dell\u2019 8.11.2010<\/b><\/span><\/p>\n<p><span style=\"font-size: 14pt;\">Circolare Ministeriale contenente le indicazioni e le istruzioni per l\u2019applicazione al personale della scuola delle nuove norme in materia disciplinare introdotte dal Decreto Legislativo 27 ottobre 2009, n.150.<\/span><\/p>\n<p><span style=\"font-size: 14pt;\"><b>Tabella-1-C.M.-88-8.11.2010.pdf\u00a0<\/b><\/span><\/p>\n<p><span style=\"font-size: 14pt;\">Procedimento disciplinare per tutto il personale scolastico ai sensi del D.Lgs. 150\/2009<\/span><\/p>\n<p><span style=\"font-size: 14pt;\"><b>Tabella-2-C.M.-88-8.11.2010.pdf\u00a0<\/b><\/span><\/p>\n<p><span style=\"font-size: 14pt;\">Personale A.T.A.: infrazioni, sanzioni disciplinari e sospensione cautelare<\/span><\/p>\n<p><span style=\"font-size: 14pt;\"><b>Tabella-3-C.M.-88-8.11.2010.pdf\u00a0<\/b><\/span><\/p>\n<p><span style=\"font-size: 14pt;\">Personale docente: infrazioni, sanzioni e sospensione cautelare<\/span><\/p>\n<p><span style=\"font-size: 14pt;\"><b>Tabella-4-C.M.-88-8.11.2010.pdf\u00a0<\/b><\/span><\/p>\n<p><span style=\"font-size: 14pt;\">Dirigenti scolastici: infrazioni, sanzioni e sospensione cautelare<\/span><\/p>\n<p>&nbsp;<\/p>\n<p><span style=\"font-size: 14pt;\">Si precisa che la pubblicazione sul sito istituzionale dei predetti documenti equivale, a tutti gli effetti, alla loro affissione all\u00b4ingresso della sede di lavoro.<\/span><\/p>\n<p>ALLEGATI:<\/p>\n<p><a href=\"http:\/\/vsdoberdob.edu.it\/wp-content\/uploads\/2023\/05\/dmprot525_14.pdf\">Codice di comportamento[pdf]<\/a><\/p>\n<p><a href=\"http:\/\/vsdoberdob.edu.it\/wp-content\/uploads\/2023\/05\/Codice-disciplinare-personale-ATA-da-art.-92-a-art.-97-CCNL-29-11-2007.pdf\">Codice-disciplinare-personale-ATA-da-art.-92-a-art.-97-CCNL-29-11-2007[pdf]<\/a><\/p>\n<p><a href=\"http:\/\/vsdoberdob.edu.it\/wp-content\/uploads\/2023\/05\/Circolare-Ministeriale-88-del-8-novembre-2010-Sanzioni-disciplinari-del-personale-della-scuola-2.pdf\">Circolare Ministeriale 88 del 8 novembre 2010 &#8211; Sanzioni disciplinari del personale della scuola [pdf]<\/a><\/p>\n","protected":false},"excerpt":{"rendered":"<p>DODATNO ZAVAROVANJE &nbsp; ZAVOD REPUBLIKE SLOVENIJE ZA \u0160OLSTVO http:\/\/www.zrss.si\/default.asp?rub=22 Posnetek za uporabo interaktivne table: http:\/\/www1.prometheanplanet.com\/it\/server.php?show=nav.19790 Slovensko izobra\u017eevalno omre\u017eje http:\/\/izobrazevanje.sio.si\/ Erickson nudi ne\u0161teto te\u010dajev in seminarjev za u\u010ditelje, tudi v obliki spletnega u\u010denja http:\/\/formazione.erickson.it\/ &nbsp; &nbsp; &nbsp; [&hellip;]<\/p>\n","protected":false},"author":5,"featured_media":0,"parent":0,"menu_order":0,"comment_status":"closed","ping_status":"closed","template":"","meta":{"footnotes":""},"tags":[],"class_list":["post-404","page","type-page","status-publish","hentry"],"_links":{"self":[{"href":"https:\/\/vsdoberdob.edu.it\/sl\/wp-json\/wp\/v2\/pages\/404","targetHints":{"allow":["GET"]}}],"collection":[{"href":"https:\/\/vsdoberdob.edu.it\/sl\/wp-json\/wp\/v2\/pages"}],"about":[{"href":"https:\/\/vsdoberdob.edu.it\/sl\/wp-json\/wp\/v2\/types\/page"}],"author":[{"embeddable":true,"href":"https:\/\/vsdoberdob.edu.it\/sl\/wp-json\/wp\/v2\/users\/5"}],"replies":[{"embeddable":true,"href":"https:\/\/vsdoberdob.edu.it\/sl\/wp-json\/wp\/v2\/comments?post=404"}],"version-history":[{"count":2,"href":"https:\/\/vsdoberdob.edu.it\/sl\/wp-json\/wp\/v2\/pages\/404\/revisions"}],"predecessor-version":[{"id":6679,"href":"https:\/\/vsdoberdob.edu.it\/sl\/wp-json\/wp\/v2\/pages\/404\/revisions\/6679"}],"wp:attachment":[{"href":"https:\/\/vsdoberdob.edu.it\/sl\/wp-json\/wp\/v2\/media?parent=404"}],"wp:term":[{"taxonomy":"post_tag","embeddable":true,"href":"https:\/\/vsdoberdob.edu.it\/sl\/wp-json\/wp\/v2\/tags?post=404"}],"curies":[{"name":"wp","href":"https:\/\/api.w.org\/{rel}","templated":true}]}}