{"id":396,"date":"2018-11-30T11:01:24","date_gmt":"2018-11-30T10:01:24","guid":{"rendered":"https:\/\/www.vsdoberdob.it\/?page_id=396"},"modified":"2023-07-25T12:32:30","modified_gmt":"2023-07-25T12:32:30","slug":"starsi","status":"publish","type":"page","link":"https:\/\/vsdoberdob.edu.it\/sl\/starsi\/","title":{"rendered":"Star\u0161i"},"content":{"rendered":"<h3><img decoding=\"async\" class=\"alignnone size-full wp-image-661\" src=\"https:\/\/www.vsdoberdob.it\/wp-content\/uploads\/2018\/12\/0_new1p-1.gif\" alt=\"\" width=\"35\" height=\"22\" \/> PREVOD SPRI\u010cEVALA\u00a0\u2013 TRADUZIONE PAGELLA<\/h3>\n<h3>[2022\/2023]<\/h3>\n<p><a href=\"http:\/\/vsdoberdob.edu.it\/wp-content\/uploads\/2023\/07\/OSNOVNE-SPRICEVALO-2.OCENJ_.-OBDOBJE-PAGELLA-PRIMARIE-ita-slo.pdf\"><strong>1 RAZRED \u2013 1 CLASSE<\/strong><\/a><\/p>\n<p><a href=\"http:\/\/vsdoberdob.edu.it\/wp-content\/uploads\/2023\/07\/2022_23-KONCNO-DIGITALNI-OSNOVNE-OSTALI-SPRICEVALO-2.OCENJ_.-OBDOBJE-PAGELLA-PRIMARIE2.rayredi.pdf\"><strong>2 RAZRED \u2013 2 CLASSE<\/strong><\/a><\/p>\n<p><a href=\"http:\/\/vsdoberdob.edu.it\/wp-content\/uploads\/2023\/07\/2022_23-KONCNO-DIGITALNI-OSNOVNE-OSTALI-SPRICEVALO-2.OCENJ_.-OBDOBJE-PAGELLA-PRIMARIE3raz.pdf\"><strong>3 RAZRED \u2013 3 CLASSE<\/strong><\/a><\/p>\n<p><a href=\"http:\/\/vsdoberdob.edu.it\/wp-content\/uploads\/2023\/05\/cilji4-5.pdf\"><strong>4 RAZRED \u2013 4 CLASSE<\/strong><\/a><\/p>\n<p><a href=\"http:\/\/vsdoberdob.edu.it\/wp-content\/uploads\/2023\/05\/cilji4-5.pdf\"><strong>5 RAZRED \u2013 5 CLASSE<\/strong><\/a><\/p>\n<p>&nbsp;<\/p>\n<p>&nbsp;<\/p>\n<p>&nbsp;<\/p>\n<h3><a href=\"http:\/\/www.slori.org\/dogodki\/ucenje-slovenscine-od-zgodnjega-otrostva-do-mladostnistva-nasveti-starsem\/\"><b><i>U\u010cENJE SLOVEN\u0160\u010cINE \u2026 OD ZGODNJEGA OTRO\u0160TVA DO MLADOSTNI\u0160TVA<\/i><\/b><\/a><\/h3>\n<p>&nbsp;<\/p>\n<h3>\u0160OLE SE PREDSTAVLJAJO<\/h3>\n<p>Posnetke so pripravili u\u010ditelji posameznih \u0161ol.<\/p>\n<h2>OTRO\u0160KI VRTCI<\/h2>\n<h3><a href=\"https:\/\/www.youtube.com\/watch?v=xKpuX9UMkFs\" target=\"_blank\" rel=\"noopener\"><img decoding=\"async\" class=\"alignnone\" src=\"https:\/\/www.vsdoberdob.it\/wp-content\/uploads\/2020\/12\/hp_video_2.png\" alt=\"\" width=\"21\" height=\"21\" \/>\u00a0BAR\u010cICA \u2013 RONKE<\/a><\/h3>\n<h3><img decoding=\"async\" class=\"alignnone\" src=\"https:\/\/www.vsdoberdob.it\/wp-content\/uploads\/2020\/12\/hp_video_2.png\" alt=\"\" width=\"21\" height=\"21\" \/><a href=\"https:\/\/youtu.be\/KQQpOXHXd1s\">BAR\u010cICA \u2013 ROMJAN<\/a><\/h3>\n<h3><img decoding=\"async\" class=\"alignnone\" src=\"https:\/\/www.vsdoberdob.it\/wp-content\/uploads\/2020\/12\/hp_video_2.png\" alt=\"\" width=\"21\" height=\"21\" \/><a href=\"https:\/\/youtu.be\/xGNz4k8Rrx8\">\u010cIRA \u010cARA \u2013 SOVODNJE OD SO\u010cI<\/a><\/h3>\n<h3><img decoding=\"async\" class=\"alignnone\" src=\"https:\/\/www.vsdoberdob.it\/wp-content\/uploads\/2020\/12\/hp_video_2.png\" alt=\"\" width=\"21\" height=\"21\" \/><a href=\"https:\/\/www.youtube.com\/watch?v=adBhGFDBA0I\" target=\"_blank\" rel=\"noopener\">\u010cRI\u010cEK \u2013 DOBERDOB<\/a><\/h3>\n<h3><img decoding=\"async\" class=\"alignnone\" src=\"https:\/\/www.vsdoberdob.it\/wp-content\/uploads\/2020\/12\/hp_video_2.png\" alt=\"\" width=\"21\" height=\"21\" \/><a href=\"https:\/\/youtu.be\/kKjcmvBuY-4\"><strong>\u017dIV \u017dAV \u2013 VRH<\/strong><\/a><\/h3>\n<h2>OSNOVNE \u0160OLE<\/h2>\n<h3><\/h3>\n<h3><img decoding=\"async\" class=\"alignnone\" src=\"https:\/\/www.vsdoberdob.it\/wp-content\/uploads\/2020\/12\/hp_video_2.png\" alt=\"\" width=\"21\" height=\"21\" \/><a href=\"https:\/\/youtu.be\/a0hSJimtr5k\">O\u0160 \u201cPRE\u017dIHOV VORANC\u201d \u2013 DOBERDOB<\/a><\/h3>\n<h3><img decoding=\"async\" class=\"alignnone\" src=\"https:\/\/www.vsdoberdob.it\/wp-content\/uploads\/2020\/12\/hp_video_2.png\" alt=\"\" width=\"21\" height=\"21\" \/><a href=\"https:\/\/youtu.be\/RalGQnSzqAM\">O\u0160 \u201cPETER BUTKOVI\u010c \u2013 DOMEN\u201d \u2013 SOVODNJE OB SO\u010cI<\/a><\/h3>\n<h3><img decoding=\"async\" class=\"alignnone\" src=\"https:\/\/www.vsdoberdob.it\/wp-content\/uploads\/2020\/12\/hp_video_2.png\" alt=\"\" width=\"21\" height=\"21\" \/><a href=\"https:\/\/youtu.be\/gDsfCE6ZXQo\">O\u0160 VRH<\/a><\/h3>\n<h3><img decoding=\"async\" class=\"alignnone\" src=\"https:\/\/www.vsdoberdob.it\/wp-content\/uploads\/2020\/12\/hp_video_2.png\" alt=\"\" width=\"21\" height=\"21\" \/><a href=\"https:\/\/youtu.be\/uWw-ezYC4rs\">CO\u0160 \u201cLJUBKA \u0160ORLI\u201d \u2013 ROMJAN<\/a><\/h3>\n<p>&nbsp;<\/p>\n<h3>PRVOSTOPENJSKA SREDNJA \u0160OLA<\/h3>\n<h2><a href=\"https:\/\/youtu.be\/Uq0ARgi3xRA\">\u00a0<\/a><img decoding=\"async\" class=\"alignnone\" src=\"https:\/\/www.vsdoberdob.it\/wp-content\/uploads\/2020\/12\/hp_video_2.png\" alt=\"\" width=\"21\" height=\"21\" \/>\u00a0<a href=\"https:\/\/youtu.be\/Uq0ARgi3xRA\">PRVOSTOPENJSKA SREDNJA \u0160OLA \u2013 DOBERDOB<\/a><\/h2>\n<p>&nbsp;<\/p>\n<h3><\/h3>\n<h3><\/h3>\n<h3><\/h3>\n<h3><\/h3>\n<h3>Ob\u010dina Ronke: spletna prijava za kori\u0161\u010denje \u0161olskega obroka<\/h3>\n<p><a href=\"http:\/\/vsdoberdob.edu.it\/wp-content\/uploads\/2023\/05\/Comunicazioni_ed_istruzioni_on-line.pdf\">SPORO\u010cILA IN SPLETNA PRIJAVA<\/a><\/p>\n<p><a href=\"http:\/\/vsdoberdob.edu.it\/wp-content\/uploads\/2023\/05\/manuale_1_frequentanti.pdf\">SPLETNA PRIJAVA\u00a0 \u2013 \u017dE PRIJAVLJENI<\/a><\/p>\n<p><a href=\"http:\/\/vsdoberdob.edu.it\/wp-content\/uploads\/2023\/05\/manuale_2_nuovi-iscritti.pdf\">SPLETNA PRIJAVA \u2013 NOV VPIS<\/a><\/p>\n","protected":false},"excerpt":{"rendered":"<p>PREVOD SPRI\u010cEVALA\u00a0\u2013 TRADUZIONE PAGELLA [2022\/2023] 1 RAZRED \u2013 1 CLASSE 2 RAZRED \u2013 2 CLASSE 3 RAZRED \u2013 3 CLASSE 4 RAZRED \u2013 4 CLASSE 5 RAZRED \u2013 5 CLASSE &nbsp; &nbsp; &nbsp; U\u010cENJE SLOVEN\u0160\u010cINE \u2026 [&hellip;]<\/p>\n","protected":false},"author":5,"featured_media":6271,"parent":0,"menu_order":0,"comment_status":"closed","ping_status":"closed","template":"","meta":{"footnotes":""},"tags":[],"class_list":["post-396","page","type-page","status-publish","has-post-thumbnail","hentry"],"_links":{"self":[{"href":"https:\/\/vsdoberdob.edu.it\/sl\/wp-json\/wp\/v2\/pages\/396","targetHints":{"allow":["GET"]}}],"collection":[{"href":"https:\/\/vsdoberdob.edu.it\/sl\/wp-json\/wp\/v2\/pages"}],"about":[{"href":"https:\/\/vsdoberdob.edu.it\/sl\/wp-json\/wp\/v2\/types\/page"}],"author":[{"embeddable":true,"href":"https:\/\/vsdoberdob.edu.it\/sl\/wp-json\/wp\/v2\/users\/5"}],"replies":[{"embeddable":true,"href":"https:\/\/vsdoberdob.edu.it\/sl\/wp-json\/wp\/v2\/comments?post=396"}],"version-history":[{"count":5,"href":"https:\/\/vsdoberdob.edu.it\/sl\/wp-json\/wp\/v2\/pages\/396\/revisions"}],"predecessor-version":[{"id":7136,"href":"https:\/\/vsdoberdob.edu.it\/sl\/wp-json\/wp\/v2\/pages\/396\/revisions\/7136"}],"wp:featuredmedia":[{"embeddable":true,"href":"https:\/\/vsdoberdob.edu.it\/sl\/wp-json\/wp\/v2\/media\/6271"}],"wp:attachment":[{"href":"https:\/\/vsdoberdob.edu.it\/sl\/wp-json\/wp\/v2\/media?parent=396"}],"wp:term":[{"taxonomy":"post_tag","embeddable":true,"href":"https:\/\/vsdoberdob.edu.it\/sl\/wp-json\/wp\/v2\/tags?post=396"}],"curies":[{"name":"wp","href":"https:\/\/api.w.org\/{rel}","templated":true}]}}