{"id":14,"date":"2023-04-05T13:05:35","date_gmt":"2023-04-05T13:05:35","guid":{"rendered":"http:\/\/vsdoberdob.edu.it\/la-scuola\/la-storia\/"},"modified":"2023-05-16T07:37:14","modified_gmt":"2023-05-16T07:37:14","slug":"la-storia","status":"publish","type":"page","link":"https:\/\/vsdoberdob.edu.it\/sl\/la-scuola\/la-storia\/","title":{"rendered":"Zgodovina"},"content":{"rendered":"<p>Na\u0161a \u0161ola ima globoke korenine, ki jo ve\u017eejo na prostor in \u010das, v katerem deluje, ter na svojo vlogo in identiteto, ki se oblikuje od njenega nastanka. Njegove korenine in iz njih izhajajo\u010de vrednote spodbujajo to zavest, medtem ko zahvaljujo\u010d okolju, ki ga obdaja, raste in se bogati z izzivi in \u200b\u200bspodbudami. Globoke korenine za veje, ki segajo proti nebu in gledajo \u010dez obzorje.<\/p>\n","protected":false},"excerpt":{"rendered":"<p>Na\u0161a \u0161ola ima globoke korenine, ki jo ve\u017eejo na prostor in \u010das, v katerem deluje, ter na svojo vlogo in identiteto, ki se oblikuje od njenega nastanka. Njegove korenine in iz njih izhajajo\u010de vrednote spodbujajo to [&hellip;]<\/p>\n","protected":false},"author":5,"featured_media":0,"parent":6,"menu_order":0,"comment_status":"closed","ping_status":"closed","template":"page-templates\/storia.php","meta":{"footnotes":""},"tags":[],"class_list":["post-14","page","type-page","status-publish","hentry"],"_links":{"self":[{"href":"https:\/\/vsdoberdob.edu.it\/sl\/wp-json\/wp\/v2\/pages\/14","targetHints":{"allow":["GET"]}}],"collection":[{"href":"https:\/\/vsdoberdob.edu.it\/sl\/wp-json\/wp\/v2\/pages"}],"about":[{"href":"https:\/\/vsdoberdob.edu.it\/sl\/wp-json\/wp\/v2\/types\/page"}],"author":[{"embeddable":true,"href":"https:\/\/vsdoberdob.edu.it\/sl\/wp-json\/wp\/v2\/users\/5"}],"replies":[{"embeddable":true,"href":"https:\/\/vsdoberdob.edu.it\/sl\/wp-json\/wp\/v2\/comments?post=14"}],"version-history":[{"count":4,"href":"https:\/\/vsdoberdob.edu.it\/sl\/wp-json\/wp\/v2\/pages\/14\/revisions"}],"predecessor-version":[{"id":6604,"href":"https:\/\/vsdoberdob.edu.it\/sl\/wp-json\/wp\/v2\/pages\/14\/revisions\/6604"}],"up":[{"embeddable":true,"href":"https:\/\/vsdoberdob.edu.it\/sl\/wp-json\/wp\/v2\/pages\/6"}],"wp:attachment":[{"href":"https:\/\/vsdoberdob.edu.it\/sl\/wp-json\/wp\/v2\/media?parent=14"}],"wp:term":[{"taxonomy":"post_tag","embeddable":true,"href":"https:\/\/vsdoberdob.edu.it\/sl\/wp-json\/wp\/v2\/tags?post=14"}],"curies":[{"name":"wp","href":"https:\/\/api.w.org\/{rel}","templated":true}]}}